{"id":45,"date":"2018-05-24T09:07:06","date_gmt":"2018-05-24T09:07:06","guid":{"rendered":"https:\/\/music-pur.de\/?page_id=45"},"modified":"2023-07-04T15:04:31","modified_gmt":"2023-07-04T15:04:31","slug":"schlagzeug","status":"publish","type":"page","link":"https:\/\/music-pur.de\/index.php\/schlagzeug\/","title":{"rendered":"Schlagzeug"},"content":{"rendered":"<p><img loading=\"lazy\" decoding=\"async\" class=\"alignnone size-medium wp-image-136\" src=\"https:\/\/music-pur.de\/wp-content\/uploads\/2023\/07\/5d695694-c27c-4563-8b86-e87480829615-300x169.jpg\" alt=\"\" width=\"300\" height=\"169\" srcset=\"https:\/\/music-pur.de\/wp-content\/uploads\/2023\/07\/5d695694-c27c-4563-8b86-e87480829615-300x169.jpg 300w, https:\/\/music-pur.de\/wp-content\/uploads\/2023\/07\/5d695694-c27c-4563-8b86-e87480829615-1024x576.jpg 1024w, https:\/\/music-pur.de\/wp-content\/uploads\/2023\/07\/5d695694-c27c-4563-8b86-e87480829615-768x432.jpg 768w, https:\/\/music-pur.de\/wp-content\/uploads\/2023\/07\/5d695694-c27c-4563-8b86-e87480829615-1536x864.jpg 1536w, https:\/\/music-pur.de\/wp-content\/uploads\/2023\/07\/5d695694-c27c-4563-8b86-e87480829615-940x529.jpg 940w, https:\/\/music-pur.de\/wp-content\/uploads\/2023\/07\/5d695694-c27c-4563-8b86-e87480829615-680x383.jpg 680w, https:\/\/music-pur.de\/wp-content\/uploads\/2023\/07\/5d695694-c27c-4563-8b86-e87480829615-711x400.jpg 711w, https:\/\/music-pur.de\/wp-content\/uploads\/2023\/07\/5d695694-c27c-4563-8b86-e87480829615.jpg 1600w\" sizes=\"auto, (max-width: 300px) 100vw, 300px\" \/><\/p>\n<p>Tommy &#8222;Dabbelju&#8220; :<\/p>\n<p>Eine Stimme zwischen Tom Jones und Udo J\u00fcrgens. Alle vier Gliedma\u00dfen in Action und dazu noch Texte sicher zu Geh\u00f6r zu bringen &#8211; einzigartig.<\/p>\n<p style=\"text-align: right;\"><a href=\"https:\/\/music-pur.de\/index.php\/band\/\">zur\u00fcck<\/a><\/p>\n","protected":false},"excerpt":{"rendered":"<p>Tommy &#8222;Dabbelju&#8220; : Eine Stimme zwischen Tom Jones und Udo J\u00fcrgens. Alle vier Gliedma\u00dfen in Action und dazu noch Texte sicher zu Geh\u00f6r zu bringen &#8211; einzigartig. zur\u00fcck<\/p>\n","protected":false},"author":2,"featured_media":0,"parent":0,"menu_order":0,"comment_status":"closed","ping_status":"closed","template":"","meta":{"footnotes":""},"class_list":["post-45","page","type-page","status-publish","hentry"],"_links":{"self":[{"href":"https:\/\/music-pur.de\/index.php\/wp-json\/wp\/v2\/pages\/45","targetHints":{"allow":["GET"]}}],"collection":[{"href":"https:\/\/music-pur.de\/index.php\/wp-json\/wp\/v2\/pages"}],"about":[{"href":"https:\/\/music-pur.de\/index.php\/wp-json\/wp\/v2\/types\/page"}],"author":[{"embeddable":true,"href":"https:\/\/music-pur.de\/index.php\/wp-json\/wp\/v2\/users\/2"}],"replies":[{"embeddable":true,"href":"https:\/\/music-pur.de\/index.php\/wp-json\/wp\/v2\/comments?post=45"}],"version-history":[{"count":5,"href":"https:\/\/music-pur.de\/index.php\/wp-json\/wp\/v2\/pages\/45\/revisions"}],"predecessor-version":[{"id":146,"href":"https:\/\/music-pur.de\/index.php\/wp-json\/wp\/v2\/pages\/45\/revisions\/146"}],"wp:attachment":[{"href":"https:\/\/music-pur.de\/index.php\/wp-json\/wp\/v2\/media?parent=45"}],"curies":[{"name":"wp","href":"https:\/\/api.w.org\/{rel}","templated":true}]}}